{"id":882,"date":"2024-11-19T13:25:58","date_gmt":"2024-11-19T12:25:58","guid":{"rendered":"https:\/\/lourspimpantpub.com\/?page_id=882"},"modified":"2025-02-20T15:35:50","modified_gmt":"2025-02-20T14:35:50","slug":"le-merch-pimpant","status":"publish","type":"page","link":"https:\/\/lourspimpantpub.com\/index.php\/le-merch-pimpant\/","title":{"rendered":"Le merchandising pimpant"},"content":{"rendered":"\n<p>\ud83c\udf81 Notre merchandising d\u00e9barque \u2013 et c\u2019est du local ! \ud83c\udf89 <\/p>\n\n\n\n<p>Jusqu&#8217;au 28 f\u00e9vrier, d\u00e9couvrez nos pr\u00e9commandes, ce sont des produits qui refl\u00e8tent l\u2019esprit du bar, tous r\u00e9alis\u00e9s en collaboration avec le talentueux @ledododijon \u00e0 Dijon. <\/p>\n\n\n\n<p>Au choix : \ud83d\udc55 T-shirt avec notre logo embl\u00e9matique, dessin\u00e9 par le grand p\u00e8re d&#8217;Oumaya. <\/p>\n\n\n\n<p>\ud83d\udc3b T-shirt avec un ours illustr\u00e9 par @cerize_fournier &nbsp;<\/p>\n\n\n\n<p> \ud83c\udfa9 Bonnets brod\u00e9s \u00e0 Dijon, pour affronter l\u2019hiver avec style. <\/p>\n\n\n\n<p>\ud83c\udf7a Sous bocks avec nos ours, dessin\u00e9s par Cerize Fournier <\/p>\n\n\n\n<figure class=\"wp-block-image size-large is-resized\"><img loading=\"lazy\" decoding=\"async\" width=\"1024\" height=\"682\" src=\"https:\/\/lourspimpantpub.com\/wp-content\/uploads\/2024\/12\/IMG_1586-1024x682.jpg\" alt=\"\" class=\"wp-image-935\" style=\"width:839px;height:auto\" srcset=\"https:\/\/lourspimpantpub.com\/wp-content\/uploads\/2024\/12\/IMG_1586-1024x682.jpg 1024w, https:\/\/lourspimpantpub.com\/wp-content\/uploads\/2024\/12\/IMG_1586-300x200.jpg 300w, https:\/\/lourspimpantpub.com\/wp-content\/uploads\/2024\/12\/IMG_1586-768x512.jpg 768w, https:\/\/lourspimpantpub.com\/wp-content\/uploads\/2024\/12\/IMG_1586-1536x1023.jpg 1536w, https:\/\/lourspimpantpub.com\/wp-content\/uploads\/2024\/12\/IMG_1586-360x240.jpg 360w, https:\/\/lourspimpantpub.com\/wp-content\/uploads\/2024\/12\/IMG_1586-600x400.jpg 600w, https:\/\/lourspimpantpub.com\/wp-content\/uploads\/2024\/12\/IMG_1586.jpg 1600w\" sizes=\"auto, (max-width: 1024px) 100vw, 1024px\" \/><\/figure>\n\n\n\n<p>\ud83d\udce6 Retrait de votre merch&#8217;\u00a0 Au bar pendant les heures d\u2019ouverture \u00e0 partir de la r\u00e9ception du merch, nous vous enverrons un mail \ud83d\ude42 <\/p>\n\n\n\n<p>Des produits pens\u00e9s avec soin, en s\u00e9rie limit\u00e9e, et parfaits pour vous ou pour offrir. Soutenez le local et votre bar pr\u00e9f\u00e9r\u00e9 en une seule fois\u202f! \ud83c\udf7a\u2728<\/p>\n\n\n\n<p> \ud83d\udcc5 Disponible \u00e0 la commande uniquement jusqu&#8217;au 28 f\u00e9vrier. Photos ci-dessous \u2193<\/p>\n\n\n\n<p> On a h\u00e2te de vous voir porter nos couleurs\u202f! <\/p>\n\n\n\n<p>Attention de bien v\u00e9rifier la taille, la couleur et le visuel choisi de votre t-shirt avant de valider votre panier.<\/p>\n\n\n\n<a title=\"Logiciel billetterie en ligne\" href=\"https:\/\/widget.weezevent.com\/ticket\/E1246515\/?code=62633&#038;locale=fr-FR&#038;width_auto=1&#038;color_primary=375451\" class=\"weezevent-widget-integration\" data-src=\"https:\/\/widget.weezevent.com\/ticket\/E1246515\/?code=62633&#038;locale=fr-FR&#038;width_auto=1&#038;color_primary=375451\" data-id=\"1246515\" data-resize=\"1\" data-width_auto=\"1\" data-noscroll=\"0\" data-use-container=\"yes\" data-type=\"neo\" target=\"_blank\" rel=\"noopener\">Billetterie Weezevent<\/a>\n<script type=\"text\/javascript\" src=\"https:\/\/widget.weezevent.com\/weez.js\"><\/script>\n\n\n\n<p><\/p>\n\n\n\n<figure class=\"wp-block-gallery has-nested-images columns-default is-cropped wp-block-gallery-1 is-layout-flex wp-block-gallery-is-layout-flex\">\n<figure class=\"wp-block-image size-large\"><img loading=\"lazy\" decoding=\"async\" width=\"1024\" height=\"1024\" data-id=\"924\" src=\"https:\/\/lourspimpantpub.com\/wp-content\/uploads\/2024\/12\/1-1024x1024.png\" alt=\"\" class=\"wp-image-924\" srcset=\"https:\/\/lourspimpantpub.com\/wp-content\/uploads\/2024\/12\/1-1024x1024.png 1024w, https:\/\/lourspimpantpub.com\/wp-content\/uploads\/2024\/12\/1-300x300.png 300w, https:\/\/lourspimpantpub.com\/wp-content\/uploads\/2024\/12\/1-150x150.png 150w, https:\/\/lourspimpantpub.com\/wp-content\/uploads\/2024\/12\/1-768x768.png 768w, https:\/\/lourspimpantpub.com\/wp-content\/uploads\/2024\/12\/1-600x600.png 600w, https:\/\/lourspimpantpub.com\/wp-content\/uploads\/2024\/12\/1-160x160.png 160w, https:\/\/lourspimpantpub.com\/wp-content\/uploads\/2024\/12\/1.png 1080w\" sizes=\"auto, (max-width: 1024px) 100vw, 1024px\" \/><\/figure>\n\n\n\n<figure class=\"wp-block-image size-large\"><img loading=\"lazy\" decoding=\"async\" width=\"1024\" height=\"1024\" data-id=\"925\" src=\"https:\/\/lourspimpantpub.com\/wp-content\/uploads\/2024\/12\/2-1024x1024.png\" alt=\"\" class=\"wp-image-925\" srcset=\"https:\/\/lourspimpantpub.com\/wp-content\/uploads\/2024\/12\/2-1024x1024.png 1024w, https:\/\/lourspimpantpub.com\/wp-content\/uploads\/2024\/12\/2-300x300.png 300w, https:\/\/lourspimpantpub.com\/wp-content\/uploads\/2024\/12\/2-150x150.png 150w, https:\/\/lourspimpantpub.com\/wp-content\/uploads\/2024\/12\/2-768x768.png 768w, https:\/\/lourspimpantpub.com\/wp-content\/uploads\/2024\/12\/2-600x600.png 600w, https:\/\/lourspimpantpub.com\/wp-content\/uploads\/2024\/12\/2-160x160.png 160w, https:\/\/lourspimpantpub.com\/wp-content\/uploads\/2024\/12\/2.png 1080w\" sizes=\"auto, (max-width: 1024px) 100vw, 1024px\" \/><\/figure>\n\n\n\n<figure class=\"wp-block-image size-large\"><img loading=\"lazy\" decoding=\"async\" width=\"1024\" height=\"1024\" data-id=\"922\" src=\"https:\/\/lourspimpantpub.com\/wp-content\/uploads\/2024\/12\/3-1024x1024.png\" alt=\"\" class=\"wp-image-922\" srcset=\"https:\/\/lourspimpantpub.com\/wp-content\/uploads\/2024\/12\/3-1024x1024.png 1024w, https:\/\/lourspimpantpub.com\/wp-content\/uploads\/2024\/12\/3-300x300.png 300w, https:\/\/lourspimpantpub.com\/wp-content\/uploads\/2024\/12\/3-150x150.png 150w, https:\/\/lourspimpantpub.com\/wp-content\/uploads\/2024\/12\/3-768x768.png 768w, https:\/\/lourspimpantpub.com\/wp-content\/uploads\/2024\/12\/3-600x600.png 600w, https:\/\/lourspimpantpub.com\/wp-content\/uploads\/2024\/12\/3-160x160.png 160w, https:\/\/lourspimpantpub.com\/wp-content\/uploads\/2024\/12\/3.png 1080w\" sizes=\"auto, (max-width: 1024px) 100vw, 1024px\" \/><\/figure>\n\n\n\n<figure class=\"wp-block-image size-large\"><img loading=\"lazy\" decoding=\"async\" width=\"1024\" height=\"1024\" data-id=\"937\" src=\"https:\/\/lourspimpantpub.com\/wp-content\/uploads\/2024\/12\/Design-sans-titre8-1024x1024.png\" alt=\"\" class=\"wp-image-937\" srcset=\"https:\/\/lourspimpantpub.com\/wp-content\/uploads\/2024\/12\/Design-sans-titre8-1024x1024.png 1024w, https:\/\/lourspimpantpub.com\/wp-content\/uploads\/2024\/12\/Design-sans-titre8-300x300.png 300w, https:\/\/lourspimpantpub.com\/wp-content\/uploads\/2024\/12\/Design-sans-titre8-150x150.png 150w, https:\/\/lourspimpantpub.com\/wp-content\/uploads\/2024\/12\/Design-sans-titre8-768x768.png 768w, https:\/\/lourspimpantpub.com\/wp-content\/uploads\/2024\/12\/Design-sans-titre8-600x600.png 600w, https:\/\/lourspimpantpub.com\/wp-content\/uploads\/2024\/12\/Design-sans-titre8-160x160.png 160w, https:\/\/lourspimpantpub.com\/wp-content\/uploads\/2024\/12\/Design-sans-titre8.png 1080w\" sizes=\"auto, (max-width: 1024px) 100vw, 1024px\" \/><\/figure>\n<\/figure>\n","protected":false},"excerpt":{"rendered":"<p>\ud83c\udf81 Notre merchandising d\u00e9barque \u2013 et c\u2019est du local ! \ud83c\udf89 Jusqu&#8217;au 28 f\u00e9vrier, d\u00e9couvrez nos pr\u00e9commandes, ce sont des produits qui refl\u00e8tent l\u2019esprit du bar, tous r\u00e9alis\u00e9s en collaboration avec le talentueux @ledododijon \u00e0 Dijon. Au choix : \ud83d\udc55 T-shirt avec notre logo embl\u00e9matique, dessin\u00e9 par le grand p\u00e8re [&hellip;]<\/p>\n","protected":false},"author":1,"featured_media":0,"parent":0,"menu_order":0,"comment_status":"closed","ping_status":"closed","template":"","meta":{"_monsterinsights_skip_tracking":false,"_monsterinsights_sitenote_active":false,"_monsterinsights_sitenote_note":"","_monsterinsights_sitenote_category":0,"footnotes":""},"class_list":["post-882","page","type-page","status-publish","hentry"],"aioseo_notices":[],"_links":{"self":[{"href":"https:\/\/lourspimpantpub.com\/index.php\/wp-json\/wp\/v2\/pages\/882","targetHints":{"allow":["GET"]}}],"collection":[{"href":"https:\/\/lourspimpantpub.com\/index.php\/wp-json\/wp\/v2\/pages"}],"about":[{"href":"https:\/\/lourspimpantpub.com\/index.php\/wp-json\/wp\/v2\/types\/page"}],"author":[{"embeddable":true,"href":"https:\/\/lourspimpantpub.com\/index.php\/wp-json\/wp\/v2\/users\/1"}],"replies":[{"embeddable":true,"href":"https:\/\/lourspimpantpub.com\/index.php\/wp-json\/wp\/v2\/comments?post=882"}],"version-history":[{"count":15,"href":"https:\/\/lourspimpantpub.com\/index.php\/wp-json\/wp\/v2\/pages\/882\/revisions"}],"predecessor-version":[{"id":979,"href":"https:\/\/lourspimpantpub.com\/index.php\/wp-json\/wp\/v2\/pages\/882\/revisions\/979"}],"wp:attachment":[{"href":"https:\/\/lourspimpantpub.com\/index.php\/wp-json\/wp\/v2\/media?parent=882"}],"curies":[{"name":"wp","href":"https:\/\/api.w.org\/{rel}","templated":true}]}}