{"id":30,"date":"2023-10-05T20:22:33","date_gmt":"2023-10-05T18:22:33","guid":{"rendered":"https:\/\/lourspimpantpub.com\/?page_id=30"},"modified":"2025-08-25T11:58:37","modified_gmt":"2025-08-25T09:58:37","slug":"accueil-lours-pimpant-pub-a-dijon","status":"publish","type":"page","link":"https:\/\/lourspimpantpub.com\/","title":{"rendered":"Accueil &#8211; L&#8217;ours Pimpant Pub \u00e0 Dijon"},"content":{"rendered":"\n<h2 class=\"wp-block-heading\" id=\"accueil\">Qui sommes-nous ? <\/h2>\n\n\n\n<p>Nous sommes Maya et Paulin : pour vous servir. Amies depuis de longues ann\u00e9es, nous nous sommes lanc\u00e9es dans cette aventure avec la certitude (certains jours moins assur\u00e9s que d&#8217;autres) que notre \u00e9quipe saurait franchir les obstacles pour arriver \u00e0 l&#8217;aboutissement de notre projet : L&#8217;Ours Pimpant. <\/p>\n\n\n\n<p>L&#8217;Ours Pimpant c&#8217;est votre tani\u00e8re o\u00f9 vous r\u00e9fugier l&#8217;apr\u00e8s-midi pour un caf\u00e9, un chocolat, une p\u00e2tisserie ou bien encore le soir pour l&#8217;afterwork. Nous vous pr\u00e9senterons une s\u00e9lection de bi\u00e8res locales, avec nos brasseries partenaires.<\/p>\n\n\n\n<p> Cha &amp; L\u00e9o ont rejoint l\u2019aventure au c\u00f4t\u00e9s de Maya &amp; Paulin. <\/p>\n\n\n\n<p>Avec un travail de longue haleine pour en arriver \u00e0 l&#8217;ouverture, nous sommes les plus heureuses de vous pr\u00e9senter l&#8217;Ours Pimpant, pub \u00e0 notre image, unique. <\/p>\n\n\n\n<p>Nous avons h\u00e2te de vous retrouver, alors rendez-vous au 40 rue Amiral Roussin \u00e0 Dijon, ouvert depuis le 8 d\u00e9cembre !<\/p>\n\n\n\n<p>Maya &amp; Paulin <\/p>\n\n\n\n<p><\/p>\n\n\n\n<h2 class=\"wp-block-heading\">Notre carte <\/h2>\n\n\n\n<p><a href=\"https:\/\/online.fliphtml5.com\/xafjj\/idzl\/\">https:\/\/online.fliphtml5.com\/xafjj\/idzl\/<\/a><\/p>\n\n\n\n<h2 class=\"wp-block-heading\">Les pimpantes.<\/h2>\n\n\n\n<div class=\"wp-block-columns is-layout-flex wp-container-core-columns-is-layout-28f84493 wp-block-columns-is-layout-flex\">\n<div class=\"wp-block-column is-layout-flow wp-block-column-is-layout-flow\"><\/div>\n\n\n\n<div class=\"wp-block-column is-layout-flow wp-block-column-is-layout-flow\"><\/div>\n<\/div>\n\n\n\n<div class=\"wp-block-group\"><div class=\"wp-block-group__inner-container is-layout-constrained wp-block-group-is-layout-constrained\">\n<div class=\"wp-block-columns alignfull is-layout-flex wp-container-core-columns-is-layout-28f84493 wp-block-columns-is-layout-flex\">\n<div class=\"wp-block-column is-layout-flow wp-block-column-is-layout-flow\"><\/div>\n\n\n\n<div class=\"wp-block-column is-layout-flow wp-block-column-is-layout-flow\"><\/div>\n<\/div>\n<\/div><\/div>\n\n\n<div class=\"wp-block-image\">\n<figure class=\"aligncenter size-large is-resized\"><img loading=\"lazy\" decoding=\"async\" width=\"1024\" height=\"159\" src=\"http:\/\/lourspimpantpub.com\/wp-content\/uploads\/2023\/12\/2023-12-05-22_19_26-LOurs-Pimpant-Dijon-1024x159.png\" alt=\"\" class=\"wp-image-125\" style=\"width:840px\" srcset=\"https:\/\/lourspimpantpub.com\/wp-content\/uploads\/2023\/12\/2023-12-05-22_19_26-LOurs-Pimpant-Dijon-1024x159.png 1024w, https:\/\/lourspimpantpub.com\/wp-content\/uploads\/2023\/12\/2023-12-05-22_19_26-LOurs-Pimpant-Dijon-300x47.png 300w, https:\/\/lourspimpantpub.com\/wp-content\/uploads\/2023\/12\/2023-12-05-22_19_26-LOurs-Pimpant-Dijon-768x119.png 768w, https:\/\/lourspimpantpub.com\/wp-content\/uploads\/2023\/12\/2023-12-05-22_19_26-LOurs-Pimpant-Dijon-600x93.png 600w, https:\/\/lourspimpantpub.com\/wp-content\/uploads\/2023\/12\/2023-12-05-22_19_26-LOurs-Pimpant-Dijon.png 1029w\" sizes=\"auto, (max-width: 1024px) 100vw, 1024px\" \/><\/figure>\n<\/div>\n\n\n<h2 class=\"wp-block-heading\">O\u00f9 nous trouver ? <\/h2>\n\n\n\t\t<div id=\"wpmapblock_153e72be\" data-settings='{&quot;map_marker&quot;:[{&quot;lat&quot;:&quot;47.32020869853903&quot;,&quot;lng&quot;:&quot;5.039524739388369&quot;,&quot;title&quot;:&quot;L&amp;#039;Ours Pimpant&quot;,&quot;content&quot;:&quot;Votre tani\\u00e8re vous attend&quot;,&quot;iconType&quot;:&quot;default&quot;,&quot;customIconUrl&quot;:&quot;&quot;,&quot;customIconWidth&quot;:&quot;25&quot;,&quot;customIconHeight&quot;:&quot;40&quot;}],&quot;map_zoom&quot;:&quot;16&quot;,&quot;scroll_wheel_zoom&quot;:false,&quot;map_type&quot;:&quot;GM&quot;,&quot;center_index&quot;:0}' class=\"wpmapblockrender\" style=\"\n\t\t\twidth: 100%;\n\t\t\theight: 500px;\n\t\t\"><\/div>\n        ","protected":false},"excerpt":{"rendered":"<p>Qui sommes-nous ? Nous sommes Maya et Paulin : pour vous servir. Amies depuis de longues ann\u00e9es, nous nous sommes lanc\u00e9es dans cette aventure avec la certitude (certains jours moins assur\u00e9s que d&#8217;autres) que notre \u00e9quipe saurait franchir les obstacles pour arriver \u00e0 l&#8217;aboutissement de notre projet : L&#8217;Ours Pimpant. [&hellip;]<\/p>\n","protected":false},"author":1,"featured_media":0,"parent":0,"menu_order":0,"comment_status":"closed","ping_status":"closed","template":"","meta":{"_monsterinsights_skip_tracking":false,"_monsterinsights_sitenote_active":false,"_monsterinsights_sitenote_note":"","_monsterinsights_sitenote_category":0,"footnotes":""},"class_list":["post-30","page","type-page","status-publish","hentry"],"aioseo_notices":[],"_links":{"self":[{"href":"https:\/\/lourspimpantpub.com\/index.php\/wp-json\/wp\/v2\/pages\/30","targetHints":{"allow":["GET"]}}],"collection":[{"href":"https:\/\/lourspimpantpub.com\/index.php\/wp-json\/wp\/v2\/pages"}],"about":[{"href":"https:\/\/lourspimpantpub.com\/index.php\/wp-json\/wp\/v2\/types\/page"}],"author":[{"embeddable":true,"href":"https:\/\/lourspimpantpub.com\/index.php\/wp-json\/wp\/v2\/users\/1"}],"replies":[{"embeddable":true,"href":"https:\/\/lourspimpantpub.com\/index.php\/wp-json\/wp\/v2\/comments?post=30"}],"version-history":[{"count":169,"href":"https:\/\/lourspimpantpub.com\/index.php\/wp-json\/wp\/v2\/pages\/30\/revisions"}],"predecessor-version":[{"id":986,"href":"https:\/\/lourspimpantpub.com\/index.php\/wp-json\/wp\/v2\/pages\/30\/revisions\/986"}],"wp:attachment":[{"href":"https:\/\/lourspimpantpub.com\/index.php\/wp-json\/wp\/v2\/media?parent=30"}],"curies":[{"name":"wp","href":"https:\/\/api.w.org\/{rel}","templated":true}]}}