{"id":276,"date":"2024-01-18T16:15:41","date_gmt":"2024-01-18T15:15:41","guid":{"rendered":"https:\/\/lourspimpantpub.com\/?page_id=276"},"modified":"2024-05-21T11:50:47","modified_gmt":"2024-05-21T09:50:47","slug":"la-patte-dours","status":"publish","type":"page","link":"https:\/\/lourspimpantpub.com\/index.php\/la-patte-dours\/","title":{"rendered":"La patte d&#8217;ours, nouveau symbole porte-bonheur de Dijon"},"content":{"rendered":"<div class=\"wp-block-image\">\n<figure class=\"aligncenter size-large\"><img loading=\"lazy\" decoding=\"async\" width=\"683\" height=\"1024\" src=\"http:\/\/lourspimpantpub.com\/wp-content\/uploads\/2024\/05\/IMG-20240330-WA0033-683x1024.jpg\" alt=\"\" class=\"wp-image-541\" srcset=\"https:\/\/lourspimpantpub.com\/wp-content\/uploads\/2024\/05\/IMG-20240330-WA0033-683x1024.jpg 683w, https:\/\/lourspimpantpub.com\/wp-content\/uploads\/2024\/05\/IMG-20240330-WA0033-200x300.jpg 200w, https:\/\/lourspimpantpub.com\/wp-content\/uploads\/2024\/05\/IMG-20240330-WA0033-768x1152.jpg 768w, https:\/\/lourspimpantpub.com\/wp-content\/uploads\/2024\/05\/IMG-20240330-WA0033-600x900.jpg 600w, https:\/\/lourspimpantpub.com\/wp-content\/uploads\/2024\/05\/IMG-20240330-WA0033.jpg 864w\" sizes=\"auto, (max-width: 683px) 100vw, 683px\" \/><\/figure>\n<\/div>\n\n\n<blockquote class=\"wp-block-quote is-layout-flow wp-block-quote-is-layout-flow\">\n<p>Avez-vous ressenti, \u00e0 un moment de votre vie, le sentiment d\u2019\u00eatre au bon endroit, au bon moment ?<\/p>\n\n\n\n<p>C\u2019est pr\u00e9cis\u00e9ment ce qui m\u2019est arriv\u00e9 lorsque Maya et Paulin m\u2019ont parl\u00e9 de leur r\u00eave :<\/p>\n\n\n\n<p>ouvrir un caf\u00e9-brasserie \u00e0 Dijon et lui donner mon nom !<\/p>\n\n\n\n<p>Ce jour-l\u00e0, tous les signes semblaient indiquer que ma l\u00e9gende devait s\u2019\u00e9crire au 40 rue Amiral Roussin, exactement \u00e0 la fronti\u00e8re de l\u2019ancien Castrum !<\/p>\n\n\n\n<p>Moi, l\u2019ours pimpant, je me retrouve ainsi \u00e0 la crois\u00e9e des chemins entre le pass\u00e9 et le pr\u00e9sent, l\u2019ancien et le contemporain.<\/p>\n\n\n\n<p>Et pour couronner le tout, ma porte se trouve sur le parcours de la chouette, mon amie, symbole de Dijon, qui exauce vos v\u0153ux si vous la touchez de la main gauche.<\/p>\n\n\n\n<p>Et ce n\u2019est pas un hasard si la chouette et moi nous nous retrouvons dans la m\u00eame ville : j\u2019ai apport\u00e9 avec moi une partie de mon pass\u00e9 sous la forme d\u2019une de mes pattes sculpt\u00e9es par un tailleur de pierre.<\/p>\n\n\n\n<p>La l\u00e9gende raconte que caresser ou toucher ma patte de pierre porte bonheur. Un jour, je vous raconterai pourquoi, mais cela, c\u2019est une autre histoire,tellement ancienne qu\u2019elle est devenue l\u00e9gende<\/p>\n\n\n\n<p>dans les lointaines et sauvages for\u00eats.<\/p>\n\n\n\n<p>En attendant, poussez la porte de ma tani\u00e8re L\u2019Ours Pimpant,<\/p>\n\n\n\n<p>touchez ma patte \u00e0 l\u2019entr\u00e9e et passez un bon moment.<\/p>\n\n\n\n<p>Puis poursuivez votre chemin, faites un v\u0153u avec la chouette et si vous avez du courage<\/p>\n\n\n\n<p>allez saluer l\u2019ours de Pompon.<\/p>\n<\/blockquote>\n","protected":false},"excerpt":{"rendered":"<p>Avez-vous ressenti, \u00e0 un moment de votre vie, le sentiment d\u2019\u00eatre au bon endroit, au bon moment ? C\u2019est pr\u00e9cis\u00e9ment ce qui m\u2019est arriv\u00e9 lorsque Maya et Paulin m\u2019ont parl\u00e9 de leur r\u00eave : ouvrir un caf\u00e9-brasserie \u00e0 Dijon et lui donner mon nom ! Ce jour-l\u00e0, tous les signes [&hellip;]<\/p>\n","protected":false},"author":1,"featured_media":0,"parent":0,"menu_order":0,"comment_status":"closed","ping_status":"closed","template":"","meta":{"_monsterinsights_skip_tracking":false,"_monsterinsights_sitenote_active":false,"_monsterinsights_sitenote_note":"","_monsterinsights_sitenote_category":0,"footnotes":""},"class_list":["post-276","page","type-page","status-publish","hentry"],"aioseo_notices":[],"_links":{"self":[{"href":"https:\/\/lourspimpantpub.com\/index.php\/wp-json\/wp\/v2\/pages\/276","targetHints":{"allow":["GET"]}}],"collection":[{"href":"https:\/\/lourspimpantpub.com\/index.php\/wp-json\/wp\/v2\/pages"}],"about":[{"href":"https:\/\/lourspimpantpub.com\/index.php\/wp-json\/wp\/v2\/types\/page"}],"author":[{"embeddable":true,"href":"https:\/\/lourspimpantpub.com\/index.php\/wp-json\/wp\/v2\/users\/1"}],"replies":[{"embeddable":true,"href":"https:\/\/lourspimpantpub.com\/index.php\/wp-json\/wp\/v2\/comments?post=276"}],"version-history":[{"count":6,"href":"https:\/\/lourspimpantpub.com\/index.php\/wp-json\/wp\/v2\/pages\/276\/revisions"}],"predecessor-version":[{"id":542,"href":"https:\/\/lourspimpantpub.com\/index.php\/wp-json\/wp\/v2\/pages\/276\/revisions\/542"}],"wp:attachment":[{"href":"https:\/\/lourspimpantpub.com\/index.php\/wp-json\/wp\/v2\/media?parent=276"}],"curies":[{"name":"wp","href":"https:\/\/api.w.org\/{rel}","templated":true}]}}