{"id":170,"date":"2023-12-06T14:37:45","date_gmt":"2023-12-06T13:37:45","guid":{"rendered":"https:\/\/lourspimpantpub.com\/?page_id=170"},"modified":"2025-01-14T14:07:02","modified_gmt":"2025-01-14T13:07:02","slug":"la-carte","status":"publish","type":"page","link":"https:\/\/lourspimpantpub.com\/index.php\/la-carte\/","title":{"rendered":"La Carte"},"content":{"rendered":"\n<p>La carte de l&#8217;Ours Pimpant est compos\u00e9e essentiellement de produits locaux et artisanaux. Vous trouverez votre bonheur que vous aimiez la bi\u00e8re, le vin, les cocktails ou encore si vous pr\u00e9f\u00e9rez le sans alcool. Nous vous proposons aussi une offre de planches pour accompagner tout \u00e7a. Enjoy !<\/p>\n\n\n\n<p><a href=\"https:\/\/online.fliphtml5.com\/xafjj\/idzl\/\">https:\/\/online.fliphtml5.com\/xafjj\/idzl\/<\/a><\/p>\n\n\n\n<p>A feuilleter comme un livre, vous trouverez un sommaire en bas \u00e0 droite aussi \ud83d\ude42 <\/p>\n\n\n\n<div class=\"wp-block-columns is-layout-flex wp-container-core-columns-is-layout-28f84493 wp-block-columns-is-layout-flex\">\n<div class=\"wp-block-column is-layout-flow wp-block-column-is-layout-flow\" style=\"flex-basis:100%\"><\/div>\n<\/div>\n","protected":false},"excerpt":{"rendered":"<p>La carte de l&#8217;Ours Pimpant est compos\u00e9e essentiellement de produits locaux et artisanaux. Vous trouverez votre bonheur que vous aimiez la bi\u00e8re, le vin, les cocktails ou encore si vous pr\u00e9f\u00e9rez le sans alcool. Nous vous proposons aussi une offre de planches pour accompagner tout \u00e7a. Enjoy ! https:\/\/online.fliphtml5.com\/xafjj\/idzl\/ A [&hellip;]<\/p>\n","protected":false},"author":1,"featured_media":0,"parent":0,"menu_order":0,"comment_status":"closed","ping_status":"closed","template":"","meta":{"_monsterinsights_skip_tracking":false,"_monsterinsights_sitenote_active":false,"_monsterinsights_sitenote_note":"","_monsterinsights_sitenote_category":0,"footnotes":""},"class_list":["post-170","page","type-page","status-publish","hentry"],"aioseo_notices":[],"_links":{"self":[{"href":"https:\/\/lourspimpantpub.com\/index.php\/wp-json\/wp\/v2\/pages\/170","targetHints":{"allow":["GET"]}}],"collection":[{"href":"https:\/\/lourspimpantpub.com\/index.php\/wp-json\/wp\/v2\/pages"}],"about":[{"href":"https:\/\/lourspimpantpub.com\/index.php\/wp-json\/wp\/v2\/types\/page"}],"author":[{"embeddable":true,"href":"https:\/\/lourspimpantpub.com\/index.php\/wp-json\/wp\/v2\/users\/1"}],"replies":[{"embeddable":true,"href":"https:\/\/lourspimpantpub.com\/index.php\/wp-json\/wp\/v2\/comments?post=170"}],"version-history":[{"count":185,"href":"https:\/\/lourspimpantpub.com\/index.php\/wp-json\/wp\/v2\/pages\/170\/revisions"}],"predecessor-version":[{"id":976,"href":"https:\/\/lourspimpantpub.com\/index.php\/wp-json\/wp\/v2\/pages\/170\/revisions\/976"}],"wp:attachment":[{"href":"https:\/\/lourspimpantpub.com\/index.php\/wp-json\/wp\/v2\/media?parent=170"}],"curies":[{"name":"wp","href":"https:\/\/api.w.org\/{rel}","templated":true}]}}